{"id":34,"date":"2015-03-29T11:11:21","date_gmt":"2015-03-29T11:11:21","guid":{"rendered":"http:\/\/www.rubioassessors.com\/?page_id=34"},"modified":"2020-09-06T18:37:07","modified_gmt":"2020-09-06T18:37:07","slug":"comptable","status":"publish","type":"page","link":"https:\/\/www.rubioassessors.com\/?page_id=34","title":{"rendered":"Economia"},"content":{"rendered":"\n<p style=\"font-size:15px\"><!-- Global site tag (gtag.js) - Google Analytics --><br>GESTI\u00d3 EMPRESARIAL<\/p>\n\n\n\n<p style=\"font-size:15px\">VALORACI\u00d3 D&#8217;EMPRESES<\/p>\n\n\n\n<p style=\"font-size:15px\">VALORACI\u00d3 D&#8217;INVERSIONS<\/p>\n\n\n\n<p style=\"font-size:15px\">ESTUDIS VIABILITAT<\/p>\n\n\n\n<p style=\"font-size:15px\">ADQUISICIONS EMPRESES<\/p>\n\n\n\n<p style=\"font-size:15px\">FUSIONS, ESCISSIONS, BESCANVIS DE VALORS (M&amp;A)<\/p>\n\n\n\n<p style=\"font-size:15px\">PLANIFICACI\u00d3 I ORGANITZACI\u00d3 INDUSTRIAL<\/p>\n\n\n\n<p style=\"font-size:15px\">PLANIFICACI\u00d3 I TRAMITACI\u00d3 HER\u00c8NCIES<\/p>\n\n\n\n<p style=\"font-size:15px\">PROTOCOLS FAMILIARS<\/p>\n\n\n\n<h6 class=\"wp-block-heading\">&nbsp;<\/h6>\n\n\n\n<h6 class=\"wp-block-heading\">&nbsp;<\/h6>\n\n\n\n<h6 class=\"wp-block-heading\">&nbsp;<\/h6>\n\n\n\n<h6 class=\"wp-block-heading\">&nbsp;<\/h6>\n","protected":false},"excerpt":{"rendered":"<p>GESTI\u00d3 EMPRESARIAL VALORACI\u00d3 D&#8217;EMPRESES VALORACI\u00d3 D&#8217;INVERSIONS ESTUDIS VIABILITAT ADQUISICIONS EMPRESES FUSIONS, ESCISSIONS, BESCANVIS DE VALORS (M&amp;A) PLANIFICACI\u00d3 I ORGANITZACI\u00d3 INDUSTRIAL PLANIFICACI\u00d3 I TRAMITACI\u00d3 HER\u00c8NCIES PROTOCOLS FAMILIARS &nbsp; &nbsp; &nbsp; &nbsp;<\/p>\n","protected":false},"author":1,"featured_media":0,"parent":9,"menu_order":2,"comment_status":"closed","ping_status":"closed","template":"","meta":{"footnotes":""},"yoast_head":"<!-- This site is optimized with the Yoast SEO plugin v22.2 - https:\/\/yoast.com\/wordpress\/plugins\/seo\/ -->\n<title>Economia - Rubi\u00f3 Assessors<\/title>\n<meta name=\"robots\" content=\"index, follow, max-snippet:-1, max-image-preview:large, max-video-preview:-1\" \/>\n<link rel=\"canonical\" href=\"https:\/\/www.rubioassessors.com\/?page_id=34\" \/>\n<meta property=\"og:locale\" content=\"ca_ES\" \/>\n<meta property=\"og:type\" content=\"article\" \/>\n<meta property=\"og:title\" content=\"Economia - Rubi\u00f3 Assessors\" \/>\n<meta property=\"og:description\" content=\"GESTI\u00d3 EMPRESARIAL VALORACI\u00d3 D&#8217;EMPRESES VALORACI\u00d3 D&#8217;INVERSIONS ESTUDIS VIABILITAT ADQUISICIONS EMPRESES FUSIONS, ESCISSIONS, BESCANVIS DE VALORS (M&amp;A) PLANIFICACI\u00d3 I ORGANITZACI\u00d3 INDUSTRIAL PLANIFICACI\u00d3 I TRAMITACI\u00d3 HER\u00c8NCIES PROTOCOLS FAMILIARS &nbsp; &nbsp; &nbsp; &nbsp;\" \/>\n<meta property=\"og:url\" content=\"https:\/\/www.rubioassessors.com\/?page_id=34\" \/>\n<meta property=\"og:site_name\" content=\"Rubi\u00f3 Assessors\" \/>\n<meta property=\"article:modified_time\" content=\"2020-09-06T18:37:07+00:00\" \/>\n<meta name=\"twitter:card\" content=\"summary_large_image\" \/>\n<script type=\"application\/ld+json\" class=\"yoast-schema-graph\">{\"@context\":\"https:\/\/schema.org\",\"@graph\":[{\"@type\":\"WebPage\",\"@id\":\"https:\/\/www.rubioassessors.com\/?page_id=34\",\"url\":\"https:\/\/www.rubioassessors.com\/?page_id=34\",\"name\":\"Economia - Rubi\u00f3 Assessors\",\"isPartOf\":{\"@id\":\"https:\/\/www.rubioassessors.com\/#website\"},\"datePublished\":\"2015-03-29T11:11:21+00:00\",\"dateModified\":\"2020-09-06T18:37:07+00:00\",\"breadcrumb\":{\"@id\":\"https:\/\/www.rubioassessors.com\/?page_id=34#breadcrumb\"},\"inLanguage\":\"ca\",\"potentialAction\":[{\"@type\":\"ReadAction\",\"target\":[\"https:\/\/www.rubioassessors.com\/?page_id=34\"]}]},{\"@type\":\"BreadcrumbList\",\"@id\":\"https:\/\/www.rubioassessors.com\/?page_id=34#breadcrumb\",\"itemListElement\":[{\"@type\":\"ListItem\",\"position\":1,\"name\":\"Inici\",\"item\":\"https:\/\/www.rubioassessors.com\/\"},{\"@type\":\"ListItem\",\"position\":2,\"name\":\"SERVEIS\",\"item\":\"https:\/\/www.rubioassessors.com\/?page_id=9\"},{\"@type\":\"ListItem\",\"position\":3,\"name\":\"Economia\"}]},{\"@type\":\"WebSite\",\"@id\":\"https:\/\/www.rubioassessors.com\/#website\",\"url\":\"https:\/\/www.rubioassessors.com\/\",\"name\":\"Rubi\u00f3 Assessors\",\"description\":\"Serveis de confian\u00e7a\",\"publisher\":{\"@id\":\"https:\/\/www.rubioassessors.com\/#organization\"},\"potentialAction\":[{\"@type\":\"SearchAction\",\"target\":{\"@type\":\"EntryPoint\",\"urlTemplate\":\"https:\/\/www.rubioassessors.com\/?s={search_term_string}\"},\"query-input\":\"required name=search_term_string\"}],\"inLanguage\":\"ca\"},{\"@type\":\"Organization\",\"@id\":\"https:\/\/www.rubioassessors.com\/#organization\",\"name\":\"Rubi\u00f3 Assessors\",\"url\":\"https:\/\/www.rubioassessors.com\/\",\"logo\":{\"@type\":\"ImageObject\",\"inLanguage\":\"ca\",\"@id\":\"https:\/\/www.rubioassessors.com\/#\/schema\/logo\/image\/\",\"url\":\"https:\/\/www.rubioassessors.com\/wp-content\/uploads\/2018\/06\/logo-rr-05-e1529574777968.png\",\"contentUrl\":\"https:\/\/www.rubioassessors.com\/wp-content\/uploads\/2018\/06\/logo-rr-05-e1529574777968.png\",\"width\":237,\"height\":62,\"caption\":\"Rubi\u00f3 Assessors\"},\"image\":{\"@id\":\"https:\/\/www.rubioassessors.com\/#\/schema\/logo\/image\/\"}}]}<\/script>\n<!-- \/ Yoast SEO plugin. -->","yoast_head_json":{"title":"Economia - Rubi\u00f3 Assessors","robots":{"index":"index","follow":"follow","max-snippet":"max-snippet:-1","max-image-preview":"max-image-preview:large","max-video-preview":"max-video-preview:-1"},"canonical":"https:\/\/www.rubioassessors.com\/?page_id=34","og_locale":"ca_ES","og_type":"article","og_title":"Economia - Rubi\u00f3 Assessors","og_description":"GESTI\u00d3 EMPRESARIAL VALORACI\u00d3 D&#8217;EMPRESES VALORACI\u00d3 D&#8217;INVERSIONS ESTUDIS VIABILITAT ADQUISICIONS EMPRESES FUSIONS, ESCISSIONS, BESCANVIS DE VALORS (M&amp;A) PLANIFICACI\u00d3 I ORGANITZACI\u00d3 INDUSTRIAL PLANIFICACI\u00d3 I TRAMITACI\u00d3 HER\u00c8NCIES PROTOCOLS FAMILIARS &nbsp; &nbsp; &nbsp; &nbsp;","og_url":"https:\/\/www.rubioassessors.com\/?page_id=34","og_site_name":"Rubi\u00f3 Assessors","article_modified_time":"2020-09-06T18:37:07+00:00","twitter_card":"summary_large_image","schema":{"@context":"https:\/\/schema.org","@graph":[{"@type":"WebPage","@id":"https:\/\/www.rubioassessors.com\/?page_id=34","url":"https:\/\/www.rubioassessors.com\/?page_id=34","name":"Economia - Rubi\u00f3 Assessors","isPartOf":{"@id":"https:\/\/www.rubioassessors.com\/#website"},"datePublished":"2015-03-29T11:11:21+00:00","dateModified":"2020-09-06T18:37:07+00:00","breadcrumb":{"@id":"https:\/\/www.rubioassessors.com\/?page_id=34#breadcrumb"},"inLanguage":"ca","potentialAction":[{"@type":"ReadAction","target":["https:\/\/www.rubioassessors.com\/?page_id=34"]}]},{"@type":"BreadcrumbList","@id":"https:\/\/www.rubioassessors.com\/?page_id=34#breadcrumb","itemListElement":[{"@type":"ListItem","position":1,"name":"Inici","item":"https:\/\/www.rubioassessors.com\/"},{"@type":"ListItem","position":2,"name":"SERVEIS","item":"https:\/\/www.rubioassessors.com\/?page_id=9"},{"@type":"ListItem","position":3,"name":"Economia"}]},{"@type":"WebSite","@id":"https:\/\/www.rubioassessors.com\/#website","url":"https:\/\/www.rubioassessors.com\/","name":"Rubi\u00f3 Assessors","description":"Serveis de confian\u00e7a","publisher":{"@id":"https:\/\/www.rubioassessors.com\/#organization"},"potentialAction":[{"@type":"SearchAction","target":{"@type":"EntryPoint","urlTemplate":"https:\/\/www.rubioassessors.com\/?s={search_term_string}"},"query-input":"required name=search_term_string"}],"inLanguage":"ca"},{"@type":"Organization","@id":"https:\/\/www.rubioassessors.com\/#organization","name":"Rubi\u00f3 Assessors","url":"https:\/\/www.rubioassessors.com\/","logo":{"@type":"ImageObject","inLanguage":"ca","@id":"https:\/\/www.rubioassessors.com\/#\/schema\/logo\/image\/","url":"https:\/\/www.rubioassessors.com\/wp-content\/uploads\/2018\/06\/logo-rr-05-e1529574777968.png","contentUrl":"https:\/\/www.rubioassessors.com\/wp-content\/uploads\/2018\/06\/logo-rr-05-e1529574777968.png","width":237,"height":62,"caption":"Rubi\u00f3 Assessors"},"image":{"@id":"https:\/\/www.rubioassessors.com\/#\/schema\/logo\/image\/"}}]}},"_links":{"self":[{"href":"https:\/\/www.rubioassessors.com\/index.php?rest_route=\/wp\/v2\/pages\/34"}],"collection":[{"href":"https:\/\/www.rubioassessors.com\/index.php?rest_route=\/wp\/v2\/pages"}],"about":[{"href":"https:\/\/www.rubioassessors.com\/index.php?rest_route=\/wp\/v2\/types\/page"}],"author":[{"embeddable":true,"href":"https:\/\/www.rubioassessors.com\/index.php?rest_route=\/wp\/v2\/users\/1"}],"replies":[{"embeddable":true,"href":"https:\/\/www.rubioassessors.com\/index.php?rest_route=%2Fwp%2Fv2%2Fcomments&post=34"}],"version-history":[{"count":19,"href":"https:\/\/www.rubioassessors.com\/index.php?rest_route=\/wp\/v2\/pages\/34\/revisions"}],"predecessor-version":[{"id":441,"href":"https:\/\/www.rubioassessors.com\/index.php?rest_route=\/wp\/v2\/pages\/34\/revisions\/441"}],"up":[{"embeddable":true,"href":"https:\/\/www.rubioassessors.com\/index.php?rest_route=\/wp\/v2\/pages\/9"}],"wp:attachment":[{"href":"https:\/\/www.rubioassessors.com\/index.php?rest_route=%2Fwp%2Fv2%2Fmedia&parent=34"}],"curies":[{"name":"wp","href":"https:\/\/api.w.org\/{rel}","templated":true}]}}