{"id":5,"date":"2015-03-29T09:38:48","date_gmt":"2015-03-29T09:38:48","guid":{"rendered":"http:\/\/www.rubioassessors.com\/?page_id=5"},"modified":"2020-09-24T20:10:41","modified_gmt":"2020-09-24T20:10:41","slug":"inici","status":"publish","type":"page","link":"https:\/\/www.rubioassessors.com\/","title":{"rendered":"Serveis de confian\u00e7a"},"content":{"rendered":"<h2 style=\"text-align: center;\">Consultoria econ\u00f2mica i fiscal<\/h2>\n<p style=\"text-align: center;\"><style type=\"text\/css\">.easingslider-452 { max-width: 640px; }.easingslider-452 .easingslider-image { max-height: 400px; max-width: 640px; }.easingslider-452 .easingslider-fade-in, .easingslider-fade-out { -webkit-animation-duration: 600ms; -moz-animation-duration: 600ms; animation-duration: 600ms; }<\/style><script type=\"text\/javascript\">window.EasingSlider452 = {\"width\":640,\"height\":400,\"singleItem\":true,\"items\":1,\"itemsDesktop\":false,\"itemsDesktopSmall\":false,\"itemsTablet\":false,\"itemsTabletSmall\":false,\"itemsMobile\":false,\"responsive\":true,\"lazyLoad\":true,\"autoPlay\":4000,\"slideSpeed\":600,\"navigation\":true,\"navigationText\":[\"\",\"\"],\"pagination\":true,\"autoHeight\":false,\"mouseDrag\":false,\"touchDrag\":false,\"addClassActive\":true,\"transitionStyle\":\"fade\"};<\/script><div data-id=\"452\" class=\"easingslider easingslider-452 easingslider-container easingslider-resizing-enabled easingslider-aspect-ratio easingslider-arrows-inside easingslider-pagination-inside easingslider-pagination-bottom-center\"><div class=\"easingslider-slide\"><img decoding=\"async\" src=\"https:\/\/www.rubioassessors.com\/wp-content\/plugins\/easing-slider\/assets\/images\/placeholder-pixel.png\" data-src=\"https:\/\/www.rubioassessors.com\/wp-content\/uploads\/2020\/09\/prova2-640x400.jpg\" alt=\"\" title=\"\" class=\"easingslider-image easingslider-lazy\" \/><\/div><div class=\"easingslider-slide\"><img decoding=\"async\" src=\"https:\/\/www.rubioassessors.com\/wp-content\/plugins\/easing-slider\/assets\/images\/placeholder-pixel.png\" data-src=\"https:\/\/www.rubioassessors.com\/wp-content\/uploads\/2020\/09\/prova1-scaled-640x400.jpg\" alt=\"\" title=\"\" class=\"easingslider-image easingslider-lazy\" \/><\/div><div class=\"easingslider-slide\"><img decoding=\"async\" src=\"https:\/\/www.rubioassessors.com\/wp-content\/plugins\/easing-slider\/assets\/images\/placeholder-pixel.png\" data-src=\"https:\/\/www.rubioassessors.com\/wp-content\/uploads\/2015\/03\/shutterstock_170903771_financiero-640x400.jpg\" alt=\"\" title=\"\" class=\"easingslider-image easingslider-lazy\" \/><\/div><\/div><\/p>\n\n\n<p class=\"has-text-align-center\"><a class=\"maxbutton-7 maxbutton maxbutton-empreses\" href=\"https:\/\/www.rubioassessors.com\/?page_id=9\"><span class='mb-text'>EMPRESES<\/span><\/a>                 <a class=\"maxbutton-8 maxbutton maxbutton-autonoms\" href=\"https:\/\/www.rubioassessors.com\/?page_id=9\"><span class='mb-text'>AUT\u00d2NOMS<\/span><\/a>              <a class=\"maxbutton-9 maxbutton maxbutton-particulars\" href=\"https:\/\/www.rubioassessors.com\/?page_id=9\"><span class='mb-text'>PARTICULARS<\/span><\/a><\/p>\n","protected":false},"excerpt":{"rendered":"<p>Consultoria econ\u00f2mica i fiscal<\/p>\n","protected":false},"author":1,"featured_media":28,"parent":0,"menu_order":1,"comment_status":"closed","ping_status":"closed","template":"","meta":{"footnotes":""},"yoast_head":"<!-- This site is optimized with the Yoast SEO plugin v22.2 - https:\/\/yoast.com\/wordpress\/plugins\/seo\/ -->\n<title>Serveis de confian\u00e7a - Rubi\u00f3 Assessors<\/title>\n<meta name=\"robots\" content=\"index, follow, max-snippet:-1, max-image-preview:large, max-video-preview:-1\" \/>\n<link rel=\"canonical\" href=\"https:\/\/www.rubioassessors.com\/\" \/>\n<meta property=\"og:locale\" content=\"ca_ES\" \/>\n<meta property=\"og:type\" content=\"article\" \/>\n<meta property=\"og:title\" content=\"Serveis de confian\u00e7a - Rubi\u00f3 Assessors\" \/>\n<meta property=\"og:description\" content=\"Consultoria econ\u00f2mica i fiscal\" \/>\n<meta property=\"og:url\" content=\"https:\/\/www.rubioassessors.com\/\" \/>\n<meta property=\"og:site_name\" content=\"Rubi\u00f3 Assessors\" \/>\n<meta property=\"article:modified_time\" content=\"2020-09-24T20:10:41+00:00\" \/>\n<meta property=\"og:image\" content=\"https:\/\/www.rubioassessors.com\/wp-content\/uploads\/2015\/03\/shutterstock_170903771_financiero.jpg\" \/>\n\t<meta property=\"og:image:width\" content=\"940\" \/>\n\t<meta property=\"og:image:height\" content=\"434\" \/>\n\t<meta property=\"og:image:type\" content=\"image\/jpeg\" \/>\n<meta name=\"twitter:card\" content=\"summary_large_image\" \/>\n<script type=\"application\/ld+json\" class=\"yoast-schema-graph\">{\"@context\":\"https:\/\/schema.org\",\"@graph\":[{\"@type\":\"WebPage\",\"@id\":\"https:\/\/www.rubioassessors.com\/\",\"url\":\"https:\/\/www.rubioassessors.com\/\",\"name\":\"Serveis de confian\u00e7a - Rubi\u00f3 Assessors\",\"isPartOf\":{\"@id\":\"https:\/\/www.rubioassessors.com\/#website\"},\"primaryImageOfPage\":{\"@id\":\"https:\/\/www.rubioassessors.com\/#primaryimage\"},\"image\":{\"@id\":\"https:\/\/www.rubioassessors.com\/#primaryimage\"},\"thumbnailUrl\":\"https:\/\/www.rubioassessors.com\/wp-content\/uploads\/2015\/03\/shutterstock_170903771_financiero.jpg\",\"datePublished\":\"2015-03-29T09:38:48+00:00\",\"dateModified\":\"2020-09-24T20:10:41+00:00\",\"breadcrumb\":{\"@id\":\"https:\/\/www.rubioassessors.com\/#breadcrumb\"},\"inLanguage\":\"ca\",\"potentialAction\":[{\"@type\":\"ReadAction\",\"target\":[\"https:\/\/www.rubioassessors.com\/\"]}]},{\"@type\":\"ImageObject\",\"inLanguage\":\"ca\",\"@id\":\"https:\/\/www.rubioassessors.com\/#primaryimage\",\"url\":\"https:\/\/www.rubioassessors.com\/wp-content\/uploads\/2015\/03\/shutterstock_170903771_financiero.jpg\",\"contentUrl\":\"https:\/\/www.rubioassessors.com\/wp-content\/uploads\/2015\/03\/shutterstock_170903771_financiero.jpg\",\"width\":940,\"height\":434},{\"@type\":\"BreadcrumbList\",\"@id\":\"https:\/\/www.rubioassessors.com\/#breadcrumb\",\"itemListElement\":[{\"@type\":\"ListItem\",\"position\":1,\"name\":\"Inici\",\"item\":\"https:\/\/www.rubioassessors.com\/\"},{\"@type\":\"ListItem\",\"position\":2,\"name\":\"Serveis de confian\u00e7a\"}]},{\"@type\":\"WebSite\",\"@id\":\"https:\/\/www.rubioassessors.com\/#website\",\"url\":\"https:\/\/www.rubioassessors.com\/\",\"name\":\"Rubi\u00f3 Assessors\",\"description\":\"Serveis de confian\u00e7a\",\"publisher\":{\"@id\":\"https:\/\/www.rubioassessors.com\/#organization\"},\"potentialAction\":[{\"@type\":\"SearchAction\",\"target\":{\"@type\":\"EntryPoint\",\"urlTemplate\":\"https:\/\/www.rubioassessors.com\/?s={search_term_string}\"},\"query-input\":\"required name=search_term_string\"}],\"inLanguage\":\"ca\"},{\"@type\":\"Organization\",\"@id\":\"https:\/\/www.rubioassessors.com\/#organization\",\"name\":\"Rubi\u00f3 Assessors\",\"url\":\"https:\/\/www.rubioassessors.com\/\",\"logo\":{\"@type\":\"ImageObject\",\"inLanguage\":\"ca\",\"@id\":\"https:\/\/www.rubioassessors.com\/#\/schema\/logo\/image\/\",\"url\":\"https:\/\/www.rubioassessors.com\/wp-content\/uploads\/2018\/06\/logo-rr-05-e1529574777968.png\",\"contentUrl\":\"https:\/\/www.rubioassessors.com\/wp-content\/uploads\/2018\/06\/logo-rr-05-e1529574777968.png\",\"width\":237,\"height\":62,\"caption\":\"Rubi\u00f3 Assessors\"},\"image\":{\"@id\":\"https:\/\/www.rubioassessors.com\/#\/schema\/logo\/image\/\"}}]}<\/script>\n<!-- \/ Yoast SEO plugin. -->","yoast_head_json":{"title":"Serveis de confian\u00e7a - Rubi\u00f3 Assessors","robots":{"index":"index","follow":"follow","max-snippet":"max-snippet:-1","max-image-preview":"max-image-preview:large","max-video-preview":"max-video-preview:-1"},"canonical":"https:\/\/www.rubioassessors.com\/","og_locale":"ca_ES","og_type":"article","og_title":"Serveis de confian\u00e7a - Rubi\u00f3 Assessors","og_description":"Consultoria econ\u00f2mica i fiscal","og_url":"https:\/\/www.rubioassessors.com\/","og_site_name":"Rubi\u00f3 Assessors","article_modified_time":"2020-09-24T20:10:41+00:00","og_image":[{"width":940,"height":434,"url":"https:\/\/www.rubioassessors.com\/wp-content\/uploads\/2015\/03\/shutterstock_170903771_financiero.jpg","type":"image\/jpeg"}],"twitter_card":"summary_large_image","schema":{"@context":"https:\/\/schema.org","@graph":[{"@type":"WebPage","@id":"https:\/\/www.rubioassessors.com\/","url":"https:\/\/www.rubioassessors.com\/","name":"Serveis de confian\u00e7a - Rubi\u00f3 Assessors","isPartOf":{"@id":"https:\/\/www.rubioassessors.com\/#website"},"primaryImageOfPage":{"@id":"https:\/\/www.rubioassessors.com\/#primaryimage"},"image":{"@id":"https:\/\/www.rubioassessors.com\/#primaryimage"},"thumbnailUrl":"https:\/\/www.rubioassessors.com\/wp-content\/uploads\/2015\/03\/shutterstock_170903771_financiero.jpg","datePublished":"2015-03-29T09:38:48+00:00","dateModified":"2020-09-24T20:10:41+00:00","breadcrumb":{"@id":"https:\/\/www.rubioassessors.com\/#breadcrumb"},"inLanguage":"ca","potentialAction":[{"@type":"ReadAction","target":["https:\/\/www.rubioassessors.com\/"]}]},{"@type":"ImageObject","inLanguage":"ca","@id":"https:\/\/www.rubioassessors.com\/#primaryimage","url":"https:\/\/www.rubioassessors.com\/wp-content\/uploads\/2015\/03\/shutterstock_170903771_financiero.jpg","contentUrl":"https:\/\/www.rubioassessors.com\/wp-content\/uploads\/2015\/03\/shutterstock_170903771_financiero.jpg","width":940,"height":434},{"@type":"BreadcrumbList","@id":"https:\/\/www.rubioassessors.com\/#breadcrumb","itemListElement":[{"@type":"ListItem","position":1,"name":"Inici","item":"https:\/\/www.rubioassessors.com\/"},{"@type":"ListItem","position":2,"name":"Serveis de confian\u00e7a"}]},{"@type":"WebSite","@id":"https:\/\/www.rubioassessors.com\/#website","url":"https:\/\/www.rubioassessors.com\/","name":"Rubi\u00f3 Assessors","description":"Serveis de confian\u00e7a","publisher":{"@id":"https:\/\/www.rubioassessors.com\/#organization"},"potentialAction":[{"@type":"SearchAction","target":{"@type":"EntryPoint","urlTemplate":"https:\/\/www.rubioassessors.com\/?s={search_term_string}"},"query-input":"required name=search_term_string"}],"inLanguage":"ca"},{"@type":"Organization","@id":"https:\/\/www.rubioassessors.com\/#organization","name":"Rubi\u00f3 Assessors","url":"https:\/\/www.rubioassessors.com\/","logo":{"@type":"ImageObject","inLanguage":"ca","@id":"https:\/\/www.rubioassessors.com\/#\/schema\/logo\/image\/","url":"https:\/\/www.rubioassessors.com\/wp-content\/uploads\/2018\/06\/logo-rr-05-e1529574777968.png","contentUrl":"https:\/\/www.rubioassessors.com\/wp-content\/uploads\/2018\/06\/logo-rr-05-e1529574777968.png","width":237,"height":62,"caption":"Rubi\u00f3 Assessors"},"image":{"@id":"https:\/\/www.rubioassessors.com\/#\/schema\/logo\/image\/"}}]}},"_links":{"self":[{"href":"https:\/\/www.rubioassessors.com\/index.php?rest_route=\/wp\/v2\/pages\/5"}],"collection":[{"href":"https:\/\/www.rubioassessors.com\/index.php?rest_route=\/wp\/v2\/pages"}],"about":[{"href":"https:\/\/www.rubioassessors.com\/index.php?rest_route=\/wp\/v2\/types\/page"}],"author":[{"embeddable":true,"href":"https:\/\/www.rubioassessors.com\/index.php?rest_route=\/wp\/v2\/users\/1"}],"replies":[{"embeddable":true,"href":"https:\/\/www.rubioassessors.com\/index.php?rest_route=%2Fwp%2Fv2%2Fcomments&post=5"}],"version-history":[{"count":32,"href":"https:\/\/www.rubioassessors.com\/index.php?rest_route=\/wp\/v2\/pages\/5\/revisions"}],"predecessor-version":[{"id":463,"href":"https:\/\/www.rubioassessors.com\/index.php?rest_route=\/wp\/v2\/pages\/5\/revisions\/463"}],"wp:featuredmedia":[{"embeddable":true,"href":"https:\/\/www.rubioassessors.com\/index.php?rest_route=\/wp\/v2\/media\/28"}],"wp:attachment":[{"href":"https:\/\/www.rubioassessors.com\/index.php?rest_route=%2Fwp%2Fv2%2Fmedia&parent=5"}],"curies":[{"name":"wp","href":"https:\/\/api.w.org\/{rel}","templated":true}]}}