{"id":7,"date":"2015-03-29T09:39:12","date_gmt":"2015-03-29T09:39:12","guid":{"rendered":"http:\/\/www.rubioassessors.com\/?page_id=7"},"modified":"2020-09-06T17:55:14","modified_gmt":"2020-09-06T17:55:14","slug":"qui-som","status":"publish","type":"page","link":"https:\/\/www.rubioassessors.com\/?page_id=7","title":{"rendered":"QUI SOM"},"content":{"rendered":"\n<p style=\"font-size:17px\"><!-- Global site tag (gtag.js) - Google Analytics -->L\u2019experi\u00e8ncia en el sector de l\u2019assessorament empresarial \u00e9s un punt important a l\u2019hora de prestar un bon servei. Per\u00f2, com en qualsevol altre \u00e0mbit, la capacitat d\u2019adaptar-se als canvis tamb\u00e9 \u00e9s s\u00edmptoma de professionalitat. Els canvis normatius que es produeixen tant en l\u2019\u00e0mbit fiscal, mercantil o laboral, fa que la formaci\u00f3 continua sigui essencial per oferir als nostres clients un servei de qualitat.<\/p>\n\n\n\n<p style=\"font-size:17px\">En un m\u00f3n globalitzat, per\u00f2 en el que cada estat mant\u00e9 la seva normativa en mat\u00e8ria fiscal i laboral, fa que la nostra vocaci\u00f3 vagi encaminada a donar suport tant a l\u2019empresa del nostre pa\u00eds que vol sortir a l\u2019estranger, com a ajudar a canalitzar la inversi\u00f3 estrangera. Busquem la forma que els nostres clients trobin la situaci\u00f3 fiscal, legal, laboral que millor s\u2019adapti a les seves necessitats.<\/p>\n\n\n\n<p style=\"font-size:17px\">En qualsevol negoci els inicis s\u00f3n dif\u00edcils, per\u00f2 si a m\u00e9s la burocr\u00e0cia ens treu temps de la nostra activitat, encara ho \u00e9s m\u00e9s. Per aix\u00f2, des de <span style=\"color: #0000ff;\">RUBI\u00d3 Assessors<\/span> oferim un programa per a professionals i petites empreses que vulguin iniciar una activitat per a acompanyar-los en aquests primers moments, i donar resposta a totes les seves necessitats.<\/p>\n\n\n\n<p style=\"font-size:17px\">Tamb\u00e9 les persones f\u00edsiques es veuen immerses en aquesta globalitzaci\u00f3. Els despla\u00e7aments de persones a treballar a l\u2019estranger per avan\u00e7ar en&nbsp; la seva carrera professional tamb\u00e9 requereix d\u2019una planificaci\u00f3 que en molts casos no es t\u00e9 en compte. Per\u00f2 tamb\u00e9, aquelles persones que tenen uns estalvis i volen iniciar una inversi\u00f3 a l\u2019estrangera, tenen la necessitat de planificar i executar les seves decisions des de diferents punts de vista. Un suport que nosaltres oferim als nostres client buscant el millor rendiment per\u00f2 tamb\u00e9 buscant la seva tranquil\u00b7litat.<\/p>\n\n\n\n<p style=\"font-size:17px\">La combinaci\u00f3 d\u2019experi\u00e8ncia, formaci\u00f3 cont\u00ednua i vocaci\u00f3 global, fan que puguem oferir als nostres clients les solucions que millor s\u2019adaptin a les seves necessitats. Necessitats actuals i futures, ja que una bona planificaci\u00f3 inicial permet un mig i llarg termini m\u00e9s pr\u00f2sper.<\/p>\n","protected":false},"excerpt":{"rendered":"<p>L\u2019experi\u00e8ncia en el sector de l\u2019assessorament empresarial \u00e9s un punt important a l\u2019hora de prestar un bon servei. Per\u00f2, com en qualsevol altre \u00e0mbit, la capacitat d\u2019adaptar-se als canvis tamb\u00e9 \u00e9s s\u00edmptoma de professionalitat. Els canvis normatius que es produeixen tant en l\u2019\u00e0mbit fiscal, mercantil o laboral, fa que la formaci\u00f3 continua sigui essencial per [&hellip;]<\/p>\n","protected":false},"author":1,"featured_media":0,"parent":0,"menu_order":2,"comment_status":"closed","ping_status":"closed","template":"","meta":{"footnotes":""},"yoast_head":"<!-- This site is optimized with the Yoast SEO plugin v22.2 - https:\/\/yoast.com\/wordpress\/plugins\/seo\/ -->\n<title>QUI SOM - Rubi\u00f3 Assessors<\/title>\n<meta name=\"robots\" content=\"index, follow, max-snippet:-1, max-image-preview:large, max-video-preview:-1\" \/>\n<link rel=\"canonical\" href=\"https:\/\/www.rubioassessors.com\/?page_id=7\" \/>\n<meta property=\"og:locale\" content=\"ca_ES\" \/>\n<meta property=\"og:type\" content=\"article\" \/>\n<meta property=\"og:title\" content=\"QUI SOM - Rubi\u00f3 Assessors\" \/>\n<meta property=\"og:description\" content=\"L\u2019experi\u00e8ncia en el sector de l\u2019assessorament empresarial \u00e9s un punt important a l\u2019hora de prestar un bon servei. Per\u00f2, com en qualsevol altre \u00e0mbit, la capacitat d\u2019adaptar-se als canvis tamb\u00e9 \u00e9s s\u00edmptoma de professionalitat. Els canvis normatius que es produeixen tant en l\u2019\u00e0mbit fiscal, mercantil o laboral, fa que la formaci\u00f3 continua sigui essencial per [&hellip;]\" \/>\n<meta property=\"og:url\" content=\"https:\/\/www.rubioassessors.com\/?page_id=7\" \/>\n<meta property=\"og:site_name\" content=\"Rubi\u00f3 Assessors\" \/>\n<meta property=\"article:modified_time\" content=\"2020-09-06T17:55:14+00:00\" \/>\n<meta name=\"twitter:card\" content=\"summary_large_image\" \/>\n<meta name=\"twitter:label1\" content=\"Temps estimat de lectura\" \/>\n\t<meta name=\"twitter:data1\" content=\"2 minuts\" \/>\n<script type=\"application\/ld+json\" class=\"yoast-schema-graph\">{\"@context\":\"https:\/\/schema.org\",\"@graph\":[{\"@type\":\"WebPage\",\"@id\":\"https:\/\/www.rubioassessors.com\/?page_id=7\",\"url\":\"https:\/\/www.rubioassessors.com\/?page_id=7\",\"name\":\"QUI SOM - Rubi\u00f3 Assessors\",\"isPartOf\":{\"@id\":\"https:\/\/www.rubioassessors.com\/#website\"},\"datePublished\":\"2015-03-29T09:39:12+00:00\",\"dateModified\":\"2020-09-06T17:55:14+00:00\",\"breadcrumb\":{\"@id\":\"https:\/\/www.rubioassessors.com\/?page_id=7#breadcrumb\"},\"inLanguage\":\"ca\",\"potentialAction\":[{\"@type\":\"ReadAction\",\"target\":[\"https:\/\/www.rubioassessors.com\/?page_id=7\"]}]},{\"@type\":\"BreadcrumbList\",\"@id\":\"https:\/\/www.rubioassessors.com\/?page_id=7#breadcrumb\",\"itemListElement\":[{\"@type\":\"ListItem\",\"position\":1,\"name\":\"Inici\",\"item\":\"https:\/\/www.rubioassessors.com\/\"},{\"@type\":\"ListItem\",\"position\":2,\"name\":\"QUI SOM\"}]},{\"@type\":\"WebSite\",\"@id\":\"https:\/\/www.rubioassessors.com\/#website\",\"url\":\"https:\/\/www.rubioassessors.com\/\",\"name\":\"Rubi\u00f3 Assessors\",\"description\":\"Serveis de confian\u00e7a\",\"publisher\":{\"@id\":\"https:\/\/www.rubioassessors.com\/#organization\"},\"potentialAction\":[{\"@type\":\"SearchAction\",\"target\":{\"@type\":\"EntryPoint\",\"urlTemplate\":\"https:\/\/www.rubioassessors.com\/?s={search_term_string}\"},\"query-input\":\"required name=search_term_string\"}],\"inLanguage\":\"ca\"},{\"@type\":\"Organization\",\"@id\":\"https:\/\/www.rubioassessors.com\/#organization\",\"name\":\"Rubi\u00f3 Assessors\",\"url\":\"https:\/\/www.rubioassessors.com\/\",\"logo\":{\"@type\":\"ImageObject\",\"inLanguage\":\"ca\",\"@id\":\"https:\/\/www.rubioassessors.com\/#\/schema\/logo\/image\/\",\"url\":\"https:\/\/www.rubioassessors.com\/wp-content\/uploads\/2018\/06\/logo-rr-05-e1529574777968.png\",\"contentUrl\":\"https:\/\/www.rubioassessors.com\/wp-content\/uploads\/2018\/06\/logo-rr-05-e1529574777968.png\",\"width\":237,\"height\":62,\"caption\":\"Rubi\u00f3 Assessors\"},\"image\":{\"@id\":\"https:\/\/www.rubioassessors.com\/#\/schema\/logo\/image\/\"}}]}<\/script>\n<!-- \/ Yoast SEO plugin. -->","yoast_head_json":{"title":"QUI SOM - Rubi\u00f3 Assessors","robots":{"index":"index","follow":"follow","max-snippet":"max-snippet:-1","max-image-preview":"max-image-preview:large","max-video-preview":"max-video-preview:-1"},"canonical":"https:\/\/www.rubioassessors.com\/?page_id=7","og_locale":"ca_ES","og_type":"article","og_title":"QUI SOM - Rubi\u00f3 Assessors","og_description":"L\u2019experi\u00e8ncia en el sector de l\u2019assessorament empresarial \u00e9s un punt important a l\u2019hora de prestar un bon servei. Per\u00f2, com en qualsevol altre \u00e0mbit, la capacitat d\u2019adaptar-se als canvis tamb\u00e9 \u00e9s s\u00edmptoma de professionalitat. Els canvis normatius que es produeixen tant en l\u2019\u00e0mbit fiscal, mercantil o laboral, fa que la formaci\u00f3 continua sigui essencial per [&hellip;]","og_url":"https:\/\/www.rubioassessors.com\/?page_id=7","og_site_name":"Rubi\u00f3 Assessors","article_modified_time":"2020-09-06T17:55:14+00:00","twitter_card":"summary_large_image","twitter_misc":{"Temps estimat de lectura":"2 minuts"},"schema":{"@context":"https:\/\/schema.org","@graph":[{"@type":"WebPage","@id":"https:\/\/www.rubioassessors.com\/?page_id=7","url":"https:\/\/www.rubioassessors.com\/?page_id=7","name":"QUI SOM - Rubi\u00f3 Assessors","isPartOf":{"@id":"https:\/\/www.rubioassessors.com\/#website"},"datePublished":"2015-03-29T09:39:12+00:00","dateModified":"2020-09-06T17:55:14+00:00","breadcrumb":{"@id":"https:\/\/www.rubioassessors.com\/?page_id=7#breadcrumb"},"inLanguage":"ca","potentialAction":[{"@type":"ReadAction","target":["https:\/\/www.rubioassessors.com\/?page_id=7"]}]},{"@type":"BreadcrumbList","@id":"https:\/\/www.rubioassessors.com\/?page_id=7#breadcrumb","itemListElement":[{"@type":"ListItem","position":1,"name":"Inici","item":"https:\/\/www.rubioassessors.com\/"},{"@type":"ListItem","position":2,"name":"QUI SOM"}]},{"@type":"WebSite","@id":"https:\/\/www.rubioassessors.com\/#website","url":"https:\/\/www.rubioassessors.com\/","name":"Rubi\u00f3 Assessors","description":"Serveis de confian\u00e7a","publisher":{"@id":"https:\/\/www.rubioassessors.com\/#organization"},"potentialAction":[{"@type":"SearchAction","target":{"@type":"EntryPoint","urlTemplate":"https:\/\/www.rubioassessors.com\/?s={search_term_string}"},"query-input":"required name=search_term_string"}],"inLanguage":"ca"},{"@type":"Organization","@id":"https:\/\/www.rubioassessors.com\/#organization","name":"Rubi\u00f3 Assessors","url":"https:\/\/www.rubioassessors.com\/","logo":{"@type":"ImageObject","inLanguage":"ca","@id":"https:\/\/www.rubioassessors.com\/#\/schema\/logo\/image\/","url":"https:\/\/www.rubioassessors.com\/wp-content\/uploads\/2018\/06\/logo-rr-05-e1529574777968.png","contentUrl":"https:\/\/www.rubioassessors.com\/wp-content\/uploads\/2018\/06\/logo-rr-05-e1529574777968.png","width":237,"height":62,"caption":"Rubi\u00f3 Assessors"},"image":{"@id":"https:\/\/www.rubioassessors.com\/#\/schema\/logo\/image\/"}}]}},"_links":{"self":[{"href":"https:\/\/www.rubioassessors.com\/index.php?rest_route=\/wp\/v2\/pages\/7"}],"collection":[{"href":"https:\/\/www.rubioassessors.com\/index.php?rest_route=\/wp\/v2\/pages"}],"about":[{"href":"https:\/\/www.rubioassessors.com\/index.php?rest_route=\/wp\/v2\/types\/page"}],"author":[{"embeddable":true,"href":"https:\/\/www.rubioassessors.com\/index.php?rest_route=\/wp\/v2\/users\/1"}],"replies":[{"embeddable":true,"href":"https:\/\/www.rubioassessors.com\/index.php?rest_route=%2Fwp%2Fv2%2Fcomments&post=7"}],"version-history":[{"count":13,"href":"https:\/\/www.rubioassessors.com\/index.php?rest_route=\/wp\/v2\/pages\/7\/revisions"}],"predecessor-version":[{"id":420,"href":"https:\/\/www.rubioassessors.com\/index.php?rest_route=\/wp\/v2\/pages\/7\/revisions\/420"}],"wp:attachment":[{"href":"https:\/\/www.rubioassessors.com\/index.php?rest_route=%2Fwp%2Fv2%2Fmedia&parent=7"}],"curies":[{"name":"wp","href":"https:\/\/api.w.org\/{rel}","templated":true}]}}