{"id":9,"date":"2015-03-29T09:39:25","date_gmt":"2015-03-29T09:39:25","guid":{"rendered":"http:\/\/www.rubioassessors.com\/?page_id=9"},"modified":"2020-09-06T18:34:54","modified_gmt":"2020-09-06T18:34:54","slug":"serveis","status":"publish","type":"page","link":"https:\/\/www.rubioassessors.com\/?page_id=9","title":{"rendered":"SERVEIS"},"content":{"rendered":"\n<h3 class=\"wp-block-heading\">\u00c0MBITS DE TREBALL:<\/h3>\n\n\n\n<p class=\"has-text-align-center\"><strong><a class=\"maxbutton-2 maxbutton maxbutton-fiscal\" href=\"https:\/\/www.rubioassessors.com\/?page_id=15\"><span class='mb-text'>FISCAL<\/span><\/a><\/strong>    <strong><a class=\"maxbutton-3 maxbutton maxbutton-comptable\" href=\"https:\/\/www.rubioassessors.com\/?page_id=412\"><span class='mb-text'>COMPTABLE<\/span><\/a><\/strong>      <strong><a class=\"maxbutton-4 maxbutton maxbutton-economia\" href=\"https:\/\/www.rubioassessors.com\/?page_id=34\"><span class='mb-text'>ECONOMIA<\/span><\/a><\/strong><\/p>\n\n\n\n<p class=\"has-text-align-center\"><strong><a class=\"maxbutton-5 maxbutton maxbutton-laboral\" href=\"https:\/\/www.rubioassessors.com\/?page_id=38\"><span class='mb-text'>LABORAL<\/span><\/a><\/strong>        <strong><a class=\"maxbutton-6 maxbutton maxbutton-mercantil\" href=\"https:\/\/www.rubioassessors.com\/?page_id=36\"><span class='mb-text'>MERCANTIL<\/span><\/a><\/strong><\/p>\n\n\n\n<p><\/p>\n\n\n\n<p><\/p>\n\n\n\n<h5 class=\"wp-block-heading\"><span style=\"text-decoration: underline;\">EMPRESES<\/span><\/h5>\n\n\n\n<p style=\"font-size:17px\">Som especialistes en tot el cicle comptable i fiscal de l\u2019empresa. Participem activament en el tancament de l\u2019exercici, preparant el tancament comptable amb conson\u00e0ncia amb el Impost de Societats, buscant la millor efici\u00e8ncia en aquests aspectes.<\/p>\n\n\n\n<p style=\"font-size:17px\">Oferim serveis basats en les consultes fiscals sobre determinades operacions. La nostra formaci\u00f3 en planificaci\u00f3 fiscal internacional ens permet donar a les organitzacions un servei integral, que el que busca \u00e9s poder trobar la formula adequada als nostres clients per optimitzar els recursos.<\/p>\n\n\n\n<p style=\"font-size:17px\">Tamb\u00e9 oferim els nostres serveis als col\u00b7lectius d\u2019aut\u00f2noms i professionals. Facilitem la gesti\u00f3 de les obligacions fiscals que impliquen les seves activitats, i assessorem sobre com millorar la seva gesti\u00f3 econ\u00f2mica des de tots els punts de vista.<\/p>\n\n\n\n<p style=\"font-size:17px\">Oferim un servei integral a les empreses i als professionals en el desenvolupament de la seva activitat. La nostra vocaci\u00f3 \u00e9s la d&#8217;acompanyar al client en el seu creixement i nosaltres en ocupem de tots els tr\u00e0mits. El coneixement de la normativa i la formaci\u00f3 cont\u00ednua fa que poguem oferir als nostres clients un servei integral, que va m\u00e9s enll\u00e0 de la mera gesti\u00f3 administrativa. La planificaci\u00f3 fiscal i ec\u00f2nomica\u00a0\u00e9s la nostra especialitzaci\u00f3 tant per al m\u00f3n empresarial com per a les persones particulars.<\/p>\n\n\n\n<p><\/p>\n\n\n\n<h5 class=\"wp-block-heading\"><span style=\"text-decoration: underline;\">PARTICULARS<\/span><\/h5>\n\n\n\n<p style=\"font-size:17px\">L\u2019assessorament als particulars tamb\u00e9 \u00e9s un dels serveis que oferim. Aquests serveis passen des de la elaboraci\u00f3 de la declaraci\u00f3 de la renda fins a la planificaci\u00f3 patrimonial. En aquest \u00faltim punt analitzem l\u2019opci\u00f3 que ens ofereix la normativa en mat\u00e8ria fiscal per a poder fer una bona organitzaci\u00f3 del patrimoni de les persones i aix\u00ed evitar ensurts en el moment de fer declaracions o en la transmissi\u00f3 de patrimoni als familiars, ja sigui per her\u00e8ncia o donacions.<\/p>\n","protected":false},"excerpt":{"rendered":"<p>\u00c0MBITS DE TREBALL: EMPRESES Som especialistes en tot el cicle comptable i fiscal de l\u2019empresa. Participem activament en el tancament de l\u2019exercici, preparant el tancament comptable amb conson\u00e0ncia amb el Impost de Societats, buscant la millor efici\u00e8ncia en aquests aspectes. Oferim serveis basats en les consultes fiscals sobre determinades operacions. La nostra formaci\u00f3 en planificaci\u00f3 [&hellip;]<\/p>\n","protected":false},"author":1,"featured_media":0,"parent":0,"menu_order":3,"comment_status":"closed","ping_status":"closed","template":"","meta":{"footnotes":""},"yoast_head":"<!-- This site is optimized with the Yoast SEO plugin v22.2 - https:\/\/yoast.com\/wordpress\/plugins\/seo\/ -->\n<title>SERVEIS - Rubi\u00f3 Assessors<\/title>\n<meta name=\"robots\" content=\"index, follow, max-snippet:-1, max-image-preview:large, max-video-preview:-1\" \/>\n<link rel=\"canonical\" href=\"https:\/\/www.rubioassessors.com\/?page_id=9\" \/>\n<meta property=\"og:locale\" content=\"ca_ES\" \/>\n<meta property=\"og:type\" content=\"article\" \/>\n<meta property=\"og:title\" content=\"SERVEIS - Rubi\u00f3 Assessors\" \/>\n<meta property=\"og:description\" content=\"\u00c0MBITS DE TREBALL: EMPRESES Som especialistes en tot el cicle comptable i fiscal de l\u2019empresa. Participem activament en el tancament de l\u2019exercici, preparant el tancament comptable amb conson\u00e0ncia amb el Impost de Societats, buscant la millor efici\u00e8ncia en aquests aspectes. Oferim serveis basats en les consultes fiscals sobre determinades operacions. La nostra formaci\u00f3 en planificaci\u00f3 [&hellip;]\" \/>\n<meta property=\"og:url\" content=\"https:\/\/www.rubioassessors.com\/?page_id=9\" \/>\n<meta property=\"og:site_name\" content=\"Rubi\u00f3 Assessors\" \/>\n<meta property=\"article:modified_time\" content=\"2020-09-06T18:34:54+00:00\" \/>\n<meta name=\"twitter:card\" content=\"summary_large_image\" \/>\n<meta name=\"twitter:label1\" content=\"Temps estimat de lectura\" \/>\n\t<meta name=\"twitter:data1\" content=\"2 minuts\" \/>\n<script type=\"application\/ld+json\" class=\"yoast-schema-graph\">{\"@context\":\"https:\/\/schema.org\",\"@graph\":[{\"@type\":\"WebPage\",\"@id\":\"https:\/\/www.rubioassessors.com\/?page_id=9\",\"url\":\"https:\/\/www.rubioassessors.com\/?page_id=9\",\"name\":\"SERVEIS - Rubi\u00f3 Assessors\",\"isPartOf\":{\"@id\":\"https:\/\/www.rubioassessors.com\/#website\"},\"datePublished\":\"2015-03-29T09:39:25+00:00\",\"dateModified\":\"2020-09-06T18:34:54+00:00\",\"breadcrumb\":{\"@id\":\"https:\/\/www.rubioassessors.com\/?page_id=9#breadcrumb\"},\"inLanguage\":\"ca\",\"potentialAction\":[{\"@type\":\"ReadAction\",\"target\":[\"https:\/\/www.rubioassessors.com\/?page_id=9\"]}]},{\"@type\":\"BreadcrumbList\",\"@id\":\"https:\/\/www.rubioassessors.com\/?page_id=9#breadcrumb\",\"itemListElement\":[{\"@type\":\"ListItem\",\"position\":1,\"name\":\"Inici\",\"item\":\"https:\/\/www.rubioassessors.com\/\"},{\"@type\":\"ListItem\",\"position\":2,\"name\":\"SERVEIS\"}]},{\"@type\":\"WebSite\",\"@id\":\"https:\/\/www.rubioassessors.com\/#website\",\"url\":\"https:\/\/www.rubioassessors.com\/\",\"name\":\"Rubi\u00f3 Assessors\",\"description\":\"Serveis de confian\u00e7a\",\"publisher\":{\"@id\":\"https:\/\/www.rubioassessors.com\/#organization\"},\"potentialAction\":[{\"@type\":\"SearchAction\",\"target\":{\"@type\":\"EntryPoint\",\"urlTemplate\":\"https:\/\/www.rubioassessors.com\/?s={search_term_string}\"},\"query-input\":\"required name=search_term_string\"}],\"inLanguage\":\"ca\"},{\"@type\":\"Organization\",\"@id\":\"https:\/\/www.rubioassessors.com\/#organization\",\"name\":\"Rubi\u00f3 Assessors\",\"url\":\"https:\/\/www.rubioassessors.com\/\",\"logo\":{\"@type\":\"ImageObject\",\"inLanguage\":\"ca\",\"@id\":\"https:\/\/www.rubioassessors.com\/#\/schema\/logo\/image\/\",\"url\":\"https:\/\/www.rubioassessors.com\/wp-content\/uploads\/2018\/06\/logo-rr-05-e1529574777968.png\",\"contentUrl\":\"https:\/\/www.rubioassessors.com\/wp-content\/uploads\/2018\/06\/logo-rr-05-e1529574777968.png\",\"width\":237,\"height\":62,\"caption\":\"Rubi\u00f3 Assessors\"},\"image\":{\"@id\":\"https:\/\/www.rubioassessors.com\/#\/schema\/logo\/image\/\"}}]}<\/script>\n<!-- \/ Yoast SEO plugin. -->","yoast_head_json":{"title":"SERVEIS - Rubi\u00f3 Assessors","robots":{"index":"index","follow":"follow","max-snippet":"max-snippet:-1","max-image-preview":"max-image-preview:large","max-video-preview":"max-video-preview:-1"},"canonical":"https:\/\/www.rubioassessors.com\/?page_id=9","og_locale":"ca_ES","og_type":"article","og_title":"SERVEIS - Rubi\u00f3 Assessors","og_description":"\u00c0MBITS DE TREBALL: EMPRESES Som especialistes en tot el cicle comptable i fiscal de l\u2019empresa. Participem activament en el tancament de l\u2019exercici, preparant el tancament comptable amb conson\u00e0ncia amb el Impost de Societats, buscant la millor efici\u00e8ncia en aquests aspectes. Oferim serveis basats en les consultes fiscals sobre determinades operacions. La nostra formaci\u00f3 en planificaci\u00f3 [&hellip;]","og_url":"https:\/\/www.rubioassessors.com\/?page_id=9","og_site_name":"Rubi\u00f3 Assessors","article_modified_time":"2020-09-06T18:34:54+00:00","twitter_card":"summary_large_image","twitter_misc":{"Temps estimat de lectura":"2 minuts"},"schema":{"@context":"https:\/\/schema.org","@graph":[{"@type":"WebPage","@id":"https:\/\/www.rubioassessors.com\/?page_id=9","url":"https:\/\/www.rubioassessors.com\/?page_id=9","name":"SERVEIS - Rubi\u00f3 Assessors","isPartOf":{"@id":"https:\/\/www.rubioassessors.com\/#website"},"datePublished":"2015-03-29T09:39:25+00:00","dateModified":"2020-09-06T18:34:54+00:00","breadcrumb":{"@id":"https:\/\/www.rubioassessors.com\/?page_id=9#breadcrumb"},"inLanguage":"ca","potentialAction":[{"@type":"ReadAction","target":["https:\/\/www.rubioassessors.com\/?page_id=9"]}]},{"@type":"BreadcrumbList","@id":"https:\/\/www.rubioassessors.com\/?page_id=9#breadcrumb","itemListElement":[{"@type":"ListItem","position":1,"name":"Inici","item":"https:\/\/www.rubioassessors.com\/"},{"@type":"ListItem","position":2,"name":"SERVEIS"}]},{"@type":"WebSite","@id":"https:\/\/www.rubioassessors.com\/#website","url":"https:\/\/www.rubioassessors.com\/","name":"Rubi\u00f3 Assessors","description":"Serveis de confian\u00e7a","publisher":{"@id":"https:\/\/www.rubioassessors.com\/#organization"},"potentialAction":[{"@type":"SearchAction","target":{"@type":"EntryPoint","urlTemplate":"https:\/\/www.rubioassessors.com\/?s={search_term_string}"},"query-input":"required name=search_term_string"}],"inLanguage":"ca"},{"@type":"Organization","@id":"https:\/\/www.rubioassessors.com\/#organization","name":"Rubi\u00f3 Assessors","url":"https:\/\/www.rubioassessors.com\/","logo":{"@type":"ImageObject","inLanguage":"ca","@id":"https:\/\/www.rubioassessors.com\/#\/schema\/logo\/image\/","url":"https:\/\/www.rubioassessors.com\/wp-content\/uploads\/2018\/06\/logo-rr-05-e1529574777968.png","contentUrl":"https:\/\/www.rubioassessors.com\/wp-content\/uploads\/2018\/06\/logo-rr-05-e1529574777968.png","width":237,"height":62,"caption":"Rubi\u00f3 Assessors"},"image":{"@id":"https:\/\/www.rubioassessors.com\/#\/schema\/logo\/image\/"}}]}},"_links":{"self":[{"href":"https:\/\/www.rubioassessors.com\/index.php?rest_route=\/wp\/v2\/pages\/9"}],"collection":[{"href":"https:\/\/www.rubioassessors.com\/index.php?rest_route=\/wp\/v2\/pages"}],"about":[{"href":"https:\/\/www.rubioassessors.com\/index.php?rest_route=\/wp\/v2\/types\/page"}],"author":[{"embeddable":true,"href":"https:\/\/www.rubioassessors.com\/index.php?rest_route=\/wp\/v2\/users\/1"}],"replies":[{"embeddable":true,"href":"https:\/\/www.rubioassessors.com\/index.php?rest_route=%2Fwp%2Fv2%2Fcomments&post=9"}],"version-history":[{"count":20,"href":"https:\/\/www.rubioassessors.com\/index.php?rest_route=\/wp\/v2\/pages\/9\/revisions"}],"predecessor-version":[{"id":438,"href":"https:\/\/www.rubioassessors.com\/index.php?rest_route=\/wp\/v2\/pages\/9\/revisions\/438"}],"wp:attachment":[{"href":"https:\/\/www.rubioassessors.com\/index.php?rest_route=%2Fwp%2Fv2%2Fmedia&parent=9"}],"curies":[{"name":"wp","href":"https:\/\/api.w.org\/{rel}","templated":true}]}}